
{"id":15,"date":"2014-11-22T09:24:45","date_gmt":"2014-11-22T09:24:45","guid":{"rendered":"https:\/\/www.c2.lv\/?page_id=15"},"modified":"2020-02-12T10:21:18","modified_gmt":"2020-02-12T10:21:18","slug":"contact","status":"publish","type":"page","link":"https:\/\/www.c2.lv\/lv\/contact\/","title":{"rendered":"Kontakti"},"content":{"rendered":"<p><strong>Juridiska vien\u012bba:<\/strong> SIA, saska\u0146\u0101 ar Latvijas Republikas normat\u012bvajiem aktiem<br \/>\n<strong>Re\u0123istra veids:<\/strong> Latvijas Republikas Uz\u0146\u0113mumu re\u0123istrs<br \/>\n<strong>VAT ID:<\/strong> LV 501 034 955 41<\/p>","protected":false},"excerpt":{"rendered":"<p>Juridiska vien\u012bba: SIA, saska\u0146\u0101 ar Latvijas Republikas normat\u012bvajiem aktiem Re\u0123istra veids: Latvijas Republikas Uz\u0146\u0113mumu re\u0123istrs VAT ID: LV 501 034 955 41<\/p>\n","protected":false},"author":1,"featured_media":0,"parent":0,"menu_order":0,"comment_status":"open","ping_status":"open","template":"contact_page.php","meta":{"_acf_changed":false,"footnotes":""},"class_list":["post-15","page","type-page","status-publish","hentry"],"acf":[],"_links":{"self":[{"href":"https:\/\/www.c2.lv\/lv\/wp-json\/wp\/v2\/pages\/15","targetHints":{"allow":["GET"]}}],"collection":[{"href":"https:\/\/www.c2.lv\/lv\/wp-json\/wp\/v2\/pages"}],"about":[{"href":"https:\/\/www.c2.lv\/lv\/wp-json\/wp\/v2\/types\/page"}],"author":[{"embeddable":true,"href":"https:\/\/www.c2.lv\/lv\/wp-json\/wp\/v2\/users\/1"}],"replies":[{"embeddable":true,"href":"https:\/\/www.c2.lv\/lv\/wp-json\/wp\/v2\/comments?post=15"}],"version-history":[{"count":7,"href":"https:\/\/www.c2.lv\/lv\/wp-json\/wp\/v2\/pages\/15\/revisions"}],"predecessor-version":[{"id":595,"href":"https:\/\/www.c2.lv\/lv\/wp-json\/wp\/v2\/pages\/15\/revisions\/595"}],"wp:attachment":[{"href":"https:\/\/www.c2.lv\/lv\/wp-json\/wp\/v2\/media?parent=15"}],"curies":[{"name":"wp","href":"https:\/\/api.w.org\/{rel}","templated":true}]}}