
{"id":5,"date":"2014-11-22T09:22:54","date_gmt":"2014-11-22T09:22:54","guid":{"rendered":"https:\/\/www.c2.lv\/?page_id=5"},"modified":"2026-02-02T09:07:29","modified_gmt":"2026-02-02T09:07:29","slug":"company","status":"publish","type":"page","link":"https:\/\/www.c2.lv\/lv\/","title":{"rendered":"Par Mums"},"content":{"rendered":"<p>C2 ir NATO TEMPEST produktu izplat\u012bt\u0101js un pakalpojumu sniedz\u0113js kvalific\u0113tiem aizsardz\u012bbas un valsts klientiem Eiropas Savien\u012bb\u0101 un NATO.<\/p>\n<p>Pre\u010du kl\u0101st\u0101 iek\u013cautas TEMPEST darbstacijas, kl\u0113pjdatori, pl\u0101nie klienti, monitori, printeri un citas perif\u0113rijas ier\u012bces.<\/p>\n<p>C2 ir 2011. gad\u0101 dibin\u0101ts priv\u0101ts uz\u0146\u0113mums.<\/p>\n<h3>Specializ\u0101cija<\/h3>\n<p>NATO TEMPEST sakaru un datu apstr\u0101des iek\u0101rtas, datu nes\u0113ju izn\u012bcin\u0101\u0161anas iek\u0101rtas, Faradeja b\u016bri un ekran\u0113ti maci\u0146i.<\/p>\n<ul>\n<li><strong>Nozare: <\/strong>Valsts p\u0101rvalde<\/li>\n<li><strong>Tips: <\/strong>Priv\u0101ts uz\u0146\u0113mums<\/li>\n<li><strong>Galvenais birojs: <\/strong>Braslas iela 29, R\u012bga, LV-1084, Latvija<\/li>\n<li><strong>Uz\u0146\u0113muma lielums: <\/strong>2-10 darbinieki<\/li>\n<li><strong>Dibin\u0101\u0161anas gads: <\/strong>2011<\/li>\n<\/ul>\n<p><\/p>","protected":false},"excerpt":{"rendered":"<p>C2 ir NATO TEMPEST produktu izplat\u012bt\u0101js un pakalpojumu sniedz\u0113js kvalific\u0113tiem aizsardz\u012bbas un valsts klientiem Eiropas Savien\u012bb\u0101 un NATO. Pre\u010du kl\u0101st\u0101 iek\u013cautas TEMPEST darbstacijas, kl\u0113pjdatori, pl\u0101nie klienti, monitori, printeri un citas perif\u0113rijas ier\u012bces. C2 ir 2011. gad\u0101 dibin\u0101ts priv\u0101ts uz\u0146\u0113mums. Specializ\u0101cija NATO TEMPEST sakaru un datu apstr\u0101des iek\u0101rtas, datu nes\u0113ju izn\u012bcin\u0101\u0161anas iek\u0101rtas, Faradeja b\u016bri un ekran\u0113ti [&hellip;]<\/p>\n","protected":false},"author":1,"featured_media":0,"parent":0,"menu_order":0,"comment_status":"open","ping_status":"open","template":"","meta":{"_acf_changed":false,"footnotes":""},"class_list":["post-5","page","type-page","status-publish","hentry"],"acf":[],"_links":{"self":[{"href":"https:\/\/www.c2.lv\/lv\/wp-json\/wp\/v2\/pages\/5","targetHints":{"allow":["GET"]}}],"collection":[{"href":"https:\/\/www.c2.lv\/lv\/wp-json\/wp\/v2\/pages"}],"about":[{"href":"https:\/\/www.c2.lv\/lv\/wp-json\/wp\/v2\/types\/page"}],"author":[{"embeddable":true,"href":"https:\/\/www.c2.lv\/lv\/wp-json\/wp\/v2\/users\/1"}],"replies":[{"embeddable":true,"href":"https:\/\/www.c2.lv\/lv\/wp-json\/wp\/v2\/comments?post=5"}],"version-history":[{"count":33,"href":"https:\/\/www.c2.lv\/lv\/wp-json\/wp\/v2\/pages\/5\/revisions"}],"predecessor-version":[{"id":955,"href":"https:\/\/www.c2.lv\/lv\/wp-json\/wp\/v2\/pages\/5\/revisions\/955"}],"wp:attachment":[{"href":"https:\/\/www.c2.lv\/lv\/wp-json\/wp\/v2\/media?parent=5"}],"curies":[{"name":"wp","href":"https:\/\/api.w.org\/{rel}","templated":true}]}}